{"id":4255,"date":"2024-07-19T19:47:45","date_gmt":"2024-07-19T19:47:45","guid":{"rendered":"https:\/\/wordpress.feuerwehrverband-saarbruecken.de\/?page_id=4255"},"modified":"2024-07-20T14:04:08","modified_gmt":"2024-07-20T14:04:08","slug":"interner-bereich-fuer-fuehrungskraefte","status":"publish","type":"page","link":"https:\/\/wordpress.feuerwehrverband-saarbruecken.de\/?page_id=4255","title":{"rendered":"Interner Bereich f\u00fcr F\u00fchrungskr\u00e4fte"},"content":{"rendered":"<div class=\"logged-out has-login-form wp-block-loginout\"><form name=\"loginform\" id=\"loginform\" action=\"https:\/\/wordpress.feuerwehrverband-saarbruecken.de\/wp-login.php\" method=\"post\"><p class=\"login-username\">\n\t\t\t\t<label for=\"user_login\">Benutzername oder E-Mail-Adresse<\/label>\n\t\t\t\t<input type=\"text\" name=\"log\" id=\"user_login\" autocomplete=\"username\" class=\"input\" value=\"\" size=\"20\" \/>\n\t\t\t<\/p><p class=\"login-password\">\n\t\t\t\t<label for=\"user_pass\">Passwort<\/label>\n\t\t\t\t<input type=\"password\" name=\"pwd\" id=\"user_pass\" autocomplete=\"current-password\" spellcheck=\"false\" class=\"input\" value=\"\" size=\"20\" \/>\n\t\t\t<\/p><p class=\"login-remember\"><label><input name=\"rememberme\" type=\"checkbox\" id=\"rememberme\" value=\"forever\" \/> Angemeldet bleiben<\/label><\/p><p class=\"login-submit\">\n\t\t\t\t<input type=\"submit\" name=\"wp-submit\" id=\"wp-submit\" class=\"button button-primary\" value=\"Anmelden\" \/>\n\t\t\t\t<input type=\"hidden\" name=\"redirect_to\" value=\"https:\/\/wordpress.feuerwehrverband-saarbruecken.de\/index.php?rest_route=%2Fwp%2Fv2%2Fpages%2F4255\" \/>\n\t\t\t<\/p><\/form><\/div>\n\n\n<p><\/p>\n","protected":false},"excerpt":{"rendered":"","protected":false},"author":2,"featured_media":0,"parent":0,"menu_order":0,"comment_status":"closed","ping_status":"closed","template":"","meta":{"_bbp_topic_count":0,"_bbp_reply_count":0,"_bbp_total_topic_count":0,"_bbp_total_reply_count":0,"_bbp_voice_count":0,"_bbp_anonymous_reply_count":0,"_bbp_topic_count_hidden":0,"_bbp_reply_count_hidden":0,"_bbp_forum_subforum_count":0,"footnotes":""},"class_list":["post-4255","page","type-page","status-publish","hentry"],"_links":{"self":[{"href":"https:\/\/wordpress.feuerwehrverband-saarbruecken.de\/index.php?rest_route=\/wp\/v2\/pages\/4255","targetHints":{"allow":["GET"]}}],"collection":[{"href":"https:\/\/wordpress.feuerwehrverband-saarbruecken.de\/index.php?rest_route=\/wp\/v2\/pages"}],"about":[{"href":"https:\/\/wordpress.feuerwehrverband-saarbruecken.de\/index.php?rest_route=\/wp\/v2\/types\/page"}],"author":[{"embeddable":true,"href":"https:\/\/wordpress.feuerwehrverband-saarbruecken.de\/index.php?rest_route=\/wp\/v2\/users\/2"}],"replies":[{"embeddable":true,"href":"https:\/\/wordpress.feuerwehrverband-saarbruecken.de\/index.php?rest_route=%2Fwp%2Fv2%2Fcomments&post=4255"}],"version-history":[{"count":4,"href":"https:\/\/wordpress.feuerwehrverband-saarbruecken.de\/index.php?rest_route=\/wp\/v2\/pages\/4255\/revisions"}],"predecessor-version":[{"id":4261,"href":"https:\/\/wordpress.feuerwehrverband-saarbruecken.de\/index.php?rest_route=\/wp\/v2\/pages\/4255\/revisions\/4261"}],"wp:attachment":[{"href":"https:\/\/wordpress.feuerwehrverband-saarbruecken.de\/index.php?rest_route=%2Fwp%2Fv2%2Fmedia&parent=4255"}],"curies":[{"name":"wp","href":"https:\/\/api.w.org\/{rel}","templated":true}]}}