{"id":2131,"date":"2019-09-26T10:34:36","date_gmt":"2019-09-26T10:34:36","guid":{"rendered":"http:\/\/wordpress.feuerwehrverband-saarbruecken.de\/?page_id=2131"},"modified":"2024-07-20T17:21:54","modified_gmt":"2024-07-20T17:21:54","slug":"2131-2","status":"publish","type":"page","link":"https:\/\/wordpress.feuerwehrverband-saarbruecken.de\/?page_id=2131","title":{"rendered":"Interner Bereich"},"content":{"rendered":"\n<div class=\"wp-block-button is-style-outline alignright is-style-outline--1\"><a class=\"wp-block-button__link has-very-light-gray-color has-vivid-red-background-color has-text-color has-background wp-element-button\" href=\"http:\/\/wordpress.feuerwehrverband-saarbruecken.de\/?page_id=1449\"><img loading=\"lazy\" decoding=\"async\" width=\"350\" height=\"233\" class=\"wp-image-1682\" style=\"width: 350px;\" src=\"http:\/\/wordpress.feuerwehrverband-saarbruecken.de\/wp-content\/uploads\/2019\/09\/Lehrgangsangebot-e1568228294521.jpg\" alt=\"\"><br>\u00dcbersicht f\u00fcr freie Seminarpl\u00e4tze <br>T\u00fcr\u00f6ffnungsseminar<br>Fahrsicherheitstraining<br>Brandschutzerziehung<br>Erste Hilfe <\/a><\/div>\n\n\n\n<p class=\"has-black-color has-text-color has-link-color has-medium-font-size wp-elements-9ea9de3557edab6b4469dff93e6affdc\"><\/p>\n\n\n\n<p><\/p>\n\n\n\n<p><\/p>\n\n\n\n<p><\/p>\n\n\n\n<p><\/p>\n\n\n\n<p><\/p>\n\n\n\n<p><\/p>\n\n\n\n<figure class=\"wp-block-pullquote\"><blockquote><p>Zeitungsberichte<\/p><\/blockquote><\/figure>\n\n\n\n<p><\/p>\n\n\n\n<p><strong>T\u00e4glich erscheinende Presse INFO mit allen Feuerwehr-Eins\u00e4tzen aus dem Saarland, soweit sie in der Saarbr\u00fccker Zeitung ver\u00f6ffentlicht sind.<\/strong><\/p>\n\n\n\n<div class=\"wp-block-button is-style-outline aligncenter is-style-outline--2\"><a class=\"wp-block-button__link has-vivid-cyan-blue-background-color has-background wp-element-button\" href=\"http:\/\/wordpress.feuerwehrverband-saarbruecken.de\/wp-content\/uploads\/2019\/10\/SZ-vom-07.10.2019.pdf\">Einsatzberichte von Feuerwehren aus der Saarbr\u00fccker Zeitung<\/a><\/div>\n\n\n\n<p><strong>Hierbei handelt es sich nicht um eine \u00f6ffentliche Pressemitteilung sondern nur zu der Gruppe Presse INFO durch die Anmeldung geh\u00f6rigen Personen.<br> Diese Presse INFO darf nicht selbstt\u00e4tig an andere Personen weitergeleitet werden!<\/strong><\/p>\n\n\n\n<p><strong>Wenn Interesse besteht, bitte bei mir anmelden!<\/strong><\/p>\n\n\n\n<p><strong>Anmeldung an:&nbsp;<\/strong><a href=\"http:\/\/wilhelm-sb@web.de\"><strong>wilhelm-sb@web.de<\/strong><\/a><\/p>\n\n\n\n<p><strong>Betr.:&nbsp; Bitte um Zusendung der PresseINFO<\/strong><\/p>\n\n\n\n<p><strong>Vorname \/ Name<\/strong><\/p>\n\n\n\n<p><strong>Feuerwehr \/ L\u00f6schbezirk<\/strong><\/p>\n\n\n\n<p><strong>Funktion wie Wehrf\u00fchrer \/ LB-F\u00fchrer<\/strong><\/p>\n\n\n<\/p>","protected":false},"excerpt":{"rendered":"<p>Zeitungsberichte T\u00e4glich erscheinende Presse INFO mit allen Feuerwehr-Eins\u00e4tzen aus dem Saarland, soweit sie in der Saarbr\u00fccker Zeitung ver\u00f6ffentlicht sind. Hierbei handelt es sich nicht um eine \u00f6ffentliche Pressemitteilung sondern nur zu der Gruppe Presse INFO durch die Anmeldung geh\u00f6rigen Personen. Diese Presse INFO darf nicht selbstt\u00e4tig an andere Personen weitergeleitet werden! Wenn Interesse besteht, bitte [&hellip;]<\/p>\n","protected":false},"author":2,"featured_media":0,"parent":3700,"menu_order":0,"comment_status":"closed","ping_status":"closed","template":"","meta":{"_bbp_topic_count":0,"_bbp_reply_count":0,"_bbp_total_topic_count":0,"_bbp_total_reply_count":0,"_bbp_voice_count":0,"_bbp_anonymous_reply_count":0,"_bbp_topic_count_hidden":0,"_bbp_reply_count_hidden":0,"_bbp_forum_subforum_count":0,"footnotes":""},"class_list":["post-2131","page","type-page","status-publish","hentry"],"_links":{"self":[{"href":"https:\/\/wordpress.feuerwehrverband-saarbruecken.de\/index.php?rest_route=\/wp\/v2\/pages\/2131","targetHints":{"allow":["GET"]}}],"collection":[{"href":"https:\/\/wordpress.feuerwehrverband-saarbruecken.de\/index.php?rest_route=\/wp\/v2\/pages"}],"about":[{"href":"https:\/\/wordpress.feuerwehrverband-saarbruecken.de\/index.php?rest_route=\/wp\/v2\/types\/page"}],"author":[{"embeddable":true,"href":"https:\/\/wordpress.feuerwehrverband-saarbruecken.de\/index.php?rest_route=\/wp\/v2\/users\/2"}],"replies":[{"embeddable":true,"href":"https:\/\/wordpress.feuerwehrverband-saarbruecken.de\/index.php?rest_route=%2Fwp%2Fv2%2Fcomments&post=2131"}],"version-history":[{"count":143,"href":"https:\/\/wordpress.feuerwehrverband-saarbruecken.de\/index.php?rest_route=\/wp\/v2\/pages\/2131\/revisions"}],"predecessor-version":[{"id":4296,"href":"https:\/\/wordpress.feuerwehrverband-saarbruecken.de\/index.php?rest_route=\/wp\/v2\/pages\/2131\/revisions\/4296"}],"up":[{"embeddable":true,"href":"https:\/\/wordpress.feuerwehrverband-saarbruecken.de\/index.php?rest_route=\/wp\/v2\/pages\/3700"}],"wp:attachment":[{"href":"https:\/\/wordpress.feuerwehrverband-saarbruecken.de\/index.php?rest_route=%2Fwp%2Fv2%2Fmedia&parent=2131"}],"curies":[{"name":"wp","href":"https:\/\/api.w.org\/{rel}","templated":true}]}}